{"id":772,"date":"2015-10-16T05:26:10","date_gmt":"2015-10-16T03:26:10","guid":{"rendered":"http:\/\/wirpackenunserenkoffer.de\/?page_id=772"},"modified":"2016-06-18T14:30:53","modified_gmt":"2016-06-18T12:30:53","slug":"kulturecke","status":"publish","type":"page","link":"https:\/\/wirpackenunserenkoffer.de\/?page_id=772","title":{"rendered":"Kulturecke"},"content":{"rendered":"<p>Hier m\u00f6chten wir all die Dinge sammeln, die wir unterwegs gelesen, geh\u00f6rt oder angeschaut haben, vielleicht auch als Tipps f\u00fcr Euch.<\/p>\n<p>Die (v\u00f6llig subjektive) Bewertungsskala sieht so aus:<\/p>\n<p><img loading=\"lazy\" decoding=\"async\" class=\"alignnone size-full wp-image-821\" src=\"https:\/\/wirpackenunserenkoffer.de\/wp-content\/uploads\/2015\/10\/star5.gif\" alt=\"star5\" width=\"117\" height=\"22\" \/> &#8211; genial<\/p>\n<p><img loading=\"lazy\" decoding=\"async\" class=\"alignnone size-full wp-image-819\" src=\"https:\/\/wirpackenunserenkoffer.de\/wp-content\/uploads\/2015\/10\/star4.gif\" alt=\"star4\" width=\"117\" height=\"22\" \/>&#8211; sehr gut<\/p>\n<p><img loading=\"lazy\" decoding=\"async\" class=\"alignnone size-full wp-image-817\" src=\"https:\/\/wirpackenunserenkoffer.de\/wp-content\/uploads\/2015\/10\/star3.gif\" alt=\"star3\" width=\"117\" height=\"22\" \/>&#8211; OK<\/p>\n<p><img loading=\"lazy\" decoding=\"async\" class=\"alignnone size-full wp-image-815\" src=\"https:\/\/wirpackenunserenkoffer.de\/wp-content\/uploads\/2015\/10\/star2.gif\" alt=\"star2\" width=\"117\" height=\"22\" \/>&#8211; naja<\/p>\n<p><img loading=\"lazy\" decoding=\"async\" class=\"alignnone size-full wp-image-813\" src=\"https:\/\/wirpackenunserenkoffer.de\/wp-content\/uploads\/2015\/10\/star1.gif\" alt=\"star1\" width=\"117\" height=\"22\" \/> &#8211; geht gar nicht<\/p>\n","protected":false},"excerpt":{"rendered":"<p>Hier m\u00f6chten wir all die Dinge sammeln, die wir unterwegs gelesen, geh\u00f6rt oder angeschaut haben, vielleicht auch als Tipps f\u00fcr Euch. Die (v\u00f6llig subjektive) Bewertungsskala sieht so aus: &#8211; genial &#8211; sehr gut &#8211; OK &#8211; naja &#8211; geht gar nicht<\/p>\n","protected":false},"author":1,"featured_media":0,"parent":0,"menu_order":0,"comment_status":"closed","ping_status":"closed","template":"page_fullwidth.php","meta":{"footnotes":""},"class_list":["post-772","page","type-page","status-publish","hentry"],"_links":{"self":[{"href":"https:\/\/wirpackenunserenkoffer.de\/index.php?rest_route=\/wp\/v2\/pages\/772","targetHints":{"allow":["GET"]}}],"collection":[{"href":"https:\/\/wirpackenunserenkoffer.de\/index.php?rest_route=\/wp\/v2\/pages"}],"about":[{"href":"https:\/\/wirpackenunserenkoffer.de\/index.php?rest_route=\/wp\/v2\/types\/page"}],"author":[{"embeddable":true,"href":"https:\/\/wirpackenunserenkoffer.de\/index.php?rest_route=\/wp\/v2\/users\/1"}],"replies":[{"embeddable":true,"href":"https:\/\/wirpackenunserenkoffer.de\/index.php?rest_route=%2Fwp%2Fv2%2Fcomments&post=772"}],"version-history":[{"count":7,"href":"https:\/\/wirpackenunserenkoffer.de\/index.php?rest_route=\/wp\/v2\/pages\/772\/revisions"}],"predecessor-version":[{"id":4716,"href":"https:\/\/wirpackenunserenkoffer.de\/index.php?rest_route=\/wp\/v2\/pages\/772\/revisions\/4716"}],"wp:attachment":[{"href":"https:\/\/wirpackenunserenkoffer.de\/index.php?rest_route=%2Fwp%2Fv2%2Fmedia&parent=772"}],"curies":[{"name":"wp","href":"https:\/\/api.w.org\/{rel}","templated":true}]}}